{"id":3048,"date":"2023-03-22T11:42:41","date_gmt":"2023-03-22T09:42:41","guid":{"rendered":"https:\/\/althof.ro\/willkommen\/"},"modified":"2023-03-22T11:48:20","modified_gmt":"2023-03-22T09:48:20","slug":"willkommen","status":"publish","type":"page","link":"https:\/\/althof.ro\/de\/willkommen\/","title":{"rendered":"Willkommen"},"content":{"rendered":"\n<p><em>Liebe G\u00e4ste,<\/em><\/p>\n\n<p><em>Vielen Dank f\u00fcr Ihr Vertrauen in das Althof-Team.<\/em><\/p>\n\n<p><em>Internet ist in der gesamten Anlage kostenlos verf\u00fcgbar.\nWir laden Sie ein, <strong>User<\/strong> zu besuchen <strong>:<\/strong> <strong>Althof Sibiu<\/strong> und <strong>Passwort : Althof15<\/strong> <\/em><\/p>\n\n<p><em>Wir w\u00fcnschen uns, dass Ihr Aufenthalt in unserer sch\u00f6nen Stadt Sibiu zu einem wunderbaren Erlebnis wird, das durch den Komfort, den Sie hoffentlich in unseren einladenden Zimmern der Althof Apartments finden werden, erg\u00e4nzt wird.<\/em><\/p>\n\n<p><em>Jedes Detail ist darauf ausgerichtet, Ihnen, unseren G\u00e4sten, ein kleines St\u00fcckchen Heimat&#8221; zu bieten.<\/em><\/p>\n\n<p><em>Ihre Freude und Ihr Komfort sind unsere Zufriedenheit.<\/em><\/p>\n\n<p><em>  Jeder Mensch ist anders, also w\u00e4hlen Sie bitte Ihre Raumtemperatur. Saubere Luft ist f\u00fcr uns alle wichtig, und das gilt auch f\u00fcr alles um uns herum. Wir sind Ihnen dankbar, dass Sie die Heizung ausschalten, wenn Sie l\u00fcften, und ebenso dankbar, dass Sie vorsichtig sind und auf der Terrasse vor Ihrem Zimmer oder auf der b\u00f6hmischen Terrasse im ersten Stock rauchen.<\/em><\/p>\n\n<p><em>  Ihr Komfort, Ihr Seelenfrieden und Ihre Sicherheit sind f\u00fcr uns wichtig. Wir freuen uns, wenn Sie uns durch positives Feedback an Ihren Erfahrungen teilhaben lassen, und wir stehen allen Meinungen und Vorschl\u00e4gen aufgeschlossen gegen\u00fcber.<\/em><\/p>\n\n<p><em>Wir stehen Ihnen per E-Mail <strong>rezervari@althof.ro <\/strong>oder per Telefon\/Text 0754 071 842 zur Verf\u00fcgung.<\/em><\/p>\n\n<p><em>Sibiu, eine beeindruckende Stadt, wartet darauf, dass Sie ihre Geschichte, aber auch ihre Modernit\u00e4t entdecken. Ein kleiner F\u00fchrer mit den sch\u00f6nsten Attraktionen, Museen, Umgebungen ist f\u00fcr Sie auf <strong>althof.ro<\/strong> vorbereitet <strong>.<\/strong><\/em><\/p>\n\n<p class=\"has-text-align-center\"><em>Wir hoffen, Sie bald zu sehen!<\/em><\/p>\n\n<p class=\"has-text-align-right\"><em>Mit freundlichen Gr\u00fc\u00dfen,<\/em><br\/><em>Althof Wohnungen Team<\/em><\/p>\n","protected":false},"excerpt":{"rendered":"<p>Liebe G\u00e4ste, Vielen Dank f\u00fcr Ihr Vertrauen in das Althof-Team. Internet ist in der gesamten Anlage kostenlos verf\u00fcgbar. Wir laden Sie ein, User zu besuchen : Althof Sibiu und Passwort : Althof15 Wir w\u00fcnschen uns, dass Ihr Aufenthalt in unserer sch\u00f6nen Stadt Sibiu zu einem wunderbaren Erlebnis wird, das durch den Komfort, den Sie hoffentlich [&hellip;]<\/p>\n","protected":false},"author":1,"featured_media":2245,"parent":0,"menu_order":0,"comment_status":"closed","ping_status":"closed","template":"template-no-sidebar.php","meta":{"footnotes":""},"class_list":["post-3048","page","type-page","status-publish","has-post-thumbnail","hentry"],"_links":{"self":[{"href":"https:\/\/althof.ro\/de\/wp-json\/wp\/v2\/pages\/3048","targetHints":{"allow":["GET"]}}],"collection":[{"href":"https:\/\/althof.ro\/de\/wp-json\/wp\/v2\/pages"}],"about":[{"href":"https:\/\/althof.ro\/de\/wp-json\/wp\/v2\/types\/page"}],"author":[{"embeddable":true,"href":"https:\/\/althof.ro\/de\/wp-json\/wp\/v2\/users\/1"}],"replies":[{"embeddable":true,"href":"https:\/\/althof.ro\/de\/wp-json\/wp\/v2\/comments?post=3048"}],"version-history":[{"count":1,"href":"https:\/\/althof.ro\/de\/wp-json\/wp\/v2\/pages\/3048\/revisions"}],"predecessor-version":[{"id":3049,"href":"https:\/\/althof.ro\/de\/wp-json\/wp\/v2\/pages\/3048\/revisions\/3049"}],"wp:featuredmedia":[{"embeddable":true,"href":"https:\/\/althof.ro\/de\/wp-json\/wp\/v2\/media\/2245"}],"wp:attachment":[{"href":"https:\/\/althof.ro\/de\/wp-json\/wp\/v2\/media?parent=3048"}],"curies":[{"name":"wp","href":"https:\/\/api.w.org\/{rel}","templated":true}]}}